{"id":399,"date":"2023-10-09T11:32:15","date_gmt":"2023-10-09T11:32:15","guid":{"rendered":"https:\/\/www.kimonederlandbelgie.org\/?page_id=399"},"modified":"2024-07-22T13:33:19","modified_gmt":"2024-07-22T13:33:19","slug":"doelstellingen-en-beleidsplan","status":"publish","type":"page","link":"https:\/\/www.kimonederlandbelgie.org\/en\/over-ons\/doelstellingen-en-beleidsplan\/","title":{"rendered":"Doelstellingen en beleidsplan"},"content":{"rendered":"<div data-elementor-type=\"wp-page\" data-elementor-id=\"399\" class=\"elementor elementor-399\" data-elementor-post-type=\"page\">\n\t\t\t\t<div class=\"elementor-element elementor-element-eaa7f9a e-flex e-con-boxed e-con e-parent\" data-id=\"eaa7f9a\" data-element_type=\"container\" data-settings=\"{&quot;background_background&quot;:&quot;classic&quot;}\">\n\t\t\t\t\t<div class=\"e-con-inner\">\n\t\t\t\t\t<\/div>\n\t\t\t\t<\/div>\n\t\t<div class=\"elementor-element elementor-element-28daa1b e-flex e-con-boxed e-con e-parent\" data-id=\"28daa1b\" data-element_type=\"container\">\n\t\t\t\t\t<div class=\"e-con-inner\">\n\t\t<div class=\"elementor-element elementor-element-0467f68 e-con-full e-flex e-con e-child\" data-id=\"0467f68\" data-element_type=\"container\">\n\t\t\t\t<div class=\"elementor-element elementor-element-61020e9 elementor-widget elementor-widget-heading\" data-id=\"61020e9\" data-element_type=\"widget\" data-widget_type=\"heading.default\">\n\t\t\t\t<div class=\"elementor-widget-container\">\n\t\t\t\t\t<h3 class=\"elementor-heading-title elementor-size-default\">KIMO Doelstellingen<\/h3>\t\t\t\t<\/div>\n\t\t\t\t<\/div>\n\t\t\t\t<div class=\"elementor-element elementor-element-964210c elementor-widget-divider--view-line elementor-widget elementor-widget-divider\" data-id=\"964210c\" data-element_type=\"widget\" data-widget_type=\"divider.default\">\n\t\t\t\t<div class=\"elementor-widget-container\">\n\t\t\t\t\t\t\t<div class=\"elementor-divider\">\n\t\t\t<span class=\"elementor-divider-separator\">\n\t\t\t\t\t\t<\/span>\n\t\t<\/div>\n\t\t\t\t\t\t<\/div>\n\t\t\t\t<\/div>\n\t\t\t\t<div class=\"elementor-element elementor-element-8d9e69d elementor-widget elementor-widget-text-editor\" data-id=\"8d9e69d\" data-element_type=\"widget\" data-widget_type=\"text-editor.default\">\n\t\t\t\t<div class=\"elementor-widget-container\">\n\t\t\t\t\t\t\t\t\t<p>Het schoonmaken van de bestaande verontreinigingen in de Noordelijke zee\u00ebn en kustwateren, het voorkomen van toekomstige vervuilingen en het werken aan het behoud van zee\u00ebn om deze in goede conditie achter te laten voor het welzijn van toekomstige generaties.<\/p><p>De vereniging tracht haar doel naast het lidmaatschap van de Internationale Milieu-Organisatie van Lokale Overheden Kommunenes Internationale Milj\u00f8organisasjon (KIMO) langs wettige weg te bereiken door:<\/p><ol><li>Het uitwisselen van informatie over ontwikkelingen op milieugebied met betrekking tot de Noordelijke zee\u00ebn en kustwateren en het voorkomen van verontreinigingen van deze zee\u00ebn en kustwateren;<\/li><li>Het uitwisselen van informatie over schoonmaakoperaties op de noordelijke zee\u00ebn;<\/li><li>Een voorbeeldfunctie vervullen en initiatieven ondersteunen ter verbetering van het zeemilieu;<\/li><li>Invloed uitoefenen bij de nationale regeringen, de Europese Commissie en andere instellingen opdat deze actie ondernemen ten aanzien van verbetering van het milieu in en rond de noordelijke zee\u00ebn;<\/li><li>Het ondersteunen en organiseren van demonstratieve milieuprojecten, \u00e9\u00e9n en ander zowel in nationaal verband als ter voorbereiding of uitvoering van de internationale afspraken.<\/li><\/ol>\t\t\t\t\t\t\t\t<\/div>\n\t\t\t\t<\/div>\n\t\t\t\t<\/div>\n\t\t\t\t\t<\/div>\n\t\t\t\t<\/div>\n\t\t<div class=\"elementor-element elementor-element-9429020 e-flex e-con-boxed e-con e-parent\" data-id=\"9429020\" data-element_type=\"container\" data-settings=\"{&quot;background_background&quot;:&quot;classic&quot;}\">\n\t\t\t\t\t<div class=\"e-con-inner\">\n\t\t\t\t<div class=\"elementor-element elementor-element-0833d28 elementor-widget elementor-widget-heading\" data-id=\"0833d28\" data-element_type=\"widget\" data-widget_type=\"heading.default\">\n\t\t\t\t<div class=\"elementor-widget-container\">\n\t\t\t\t\t<h3 class=\"elementor-heading-title elementor-size-default\">Download hier de statuten<\/h3>\t\t\t\t<\/div>\n\t\t\t\t<\/div>\n\t\t\t\t<div class=\"elementor-element elementor-element-567d779 elementor-widget-divider--view-line elementor-widget elementor-widget-divider\" data-id=\"567d779\" data-element_type=\"widget\" data-widget_type=\"divider.default\">\n\t\t\t\t<div class=\"elementor-widget-container\">\n\t\t\t\t\t\t\t<div class=\"elementor-divider\">\n\t\t\t<span class=\"elementor-divider-separator\">\n\t\t\t\t\t\t<\/span>\n\t\t<\/div>\n\t\t\t\t\t\t<\/div>\n\t\t\t\t<\/div>\n\t\t\t\t<div class=\"elementor-element elementor-element-937c3f0 elementor-align-center elementor-widget elementor-widget-button\" data-id=\"937c3f0\" data-element_type=\"widget\" data-widget_type=\"button.default\">\n\t\t\t\t<div class=\"elementor-widget-container\">\n\t\t\t\t\t\t\t\t\t<div class=\"elementor-button-wrapper\">\n\t\t\t\t\t<a class=\"elementor-button elementor-button-link elementor-size-sm\" href=\"\/wp-content\/uploads\/2023\/10\/2003-Statuten.pdf\">\n\t\t\t\t\t\t<span class=\"elementor-button-content-wrapper\">\n\t\t\t\t\t\t\t\t\t<span class=\"elementor-button-text\">Download<\/span>\n\t\t\t\t\t<\/span>\n\t\t\t\t\t<\/a>\n\t\t\t\t<\/div>\n\t\t\t\t\t\t\t\t<\/div>\n\t\t\t\t<\/div>\n\t\t\t\t\t<\/div>\n\t\t\t\t<\/div>\n\t\t<div class=\"elementor-element elementor-element-d8565f8 e-flex e-con-boxed e-con e-parent\" data-id=\"d8565f8\" data-element_type=\"container\">\n\t\t\t\t\t<div class=\"e-con-inner\">\n\t\t<div class=\"elementor-element elementor-element-21f6768 e-con-full e-flex e-con e-child\" data-id=\"21f6768\" data-element_type=\"container\">\n\t\t\t\t<div class=\"elementor-element elementor-element-7f3f9f0 elementor-widget elementor-widget-heading\" data-id=\"7f3f9f0\" data-element_type=\"widget\" data-widget_type=\"heading.default\">\n\t\t\t\t<div class=\"elementor-widget-container\">\n\t\t\t\t\t<h3 class=\"elementor-heading-title elementor-size-default\">KIMO Beleidsplan<\/h3>\t\t\t\t<\/div>\n\t\t\t\t<\/div>\n\t\t\t\t<div class=\"elementor-element elementor-element-2cfbd98 elementor-widget-divider--view-line elementor-widget elementor-widget-divider\" data-id=\"2cfbd98\" data-element_type=\"widget\" data-widget_type=\"divider.default\">\n\t\t\t\t<div class=\"elementor-widget-container\">\n\t\t\t\t\t\t\t<div class=\"elementor-divider\">\n\t\t\t<span class=\"elementor-divider-separator\">\n\t\t\t\t\t\t<\/span>\n\t\t<\/div>\n\t\t\t\t\t\t<\/div>\n\t\t\t\t<\/div>\n\t\t\t\t<div class=\"elementor-element elementor-element-a48499f elementor-widget elementor-widget-text-editor\" data-id=\"a48499f\" data-element_type=\"widget\" data-widget_type=\"text-editor.default\">\n\t\t\t\t<div class=\"elementor-widget-container\">\n\t\t\t\t\t\t\t\t\t<p>Als organisatie van lokale overheden treedt KIMO Nederland en Belgi\u00eb in overleg met andere overheden en organisaties om doelen te realiseren die liggen op het terrein van veiligheid en milieu en op het gebied van recreatie, toerisme en economie.<br \/><br \/>De doelstellingen van KIMO Nederland en Belgi\u00eb binnen onze aandachtsgebieden\u00a0van de Noordzee, de Waddenzee, de kustwateren en het overgangsgebied van land naar zee van zijn:<\/p><ol><li>het schoonmaken van de bestaande verontreinigingen in de noordelijke zee\u00ebn en kustwateren, het voorkomen van nieuwe vervuilingen en het werken aan het behoud van\u00a0de zee\u00ebn en kustwateren om\u00a0 deze in een goede conditie achter te laten voor toekomstige\u00a0generaties;<\/li><li>duurzaam kust- en toeristenbeleid;<\/li><li>kustverdediging in relatie van de economische ontwikkelingen en de zeespiegelrijzing;<\/li><li>veiligheid aan de kust.<\/li><li>Als organisatie van lokale overheden treedt KIMO Nederland en Belgi\u00eb in overleg met andere overheden en organisaties om doelen te realiseren die liggen op het terrein van veiligheid en milieu en op het gebied van recreatie, toerisme en economie. Wij realiseren onze doelstellingen door:<ul><li>informatie te verstrekken aan lokale overheden\u00a0over verontreinigingen en schoonmaakacties;<\/li><li>een voorbeeldfunctie te vervullen door eigen inzet voor de verbetering van het milieu van\u00a0de Noordzee en kustwateren;<\/li><li>het stimuleren van een evenwichtig en duurzaam toeristen- en kustbeleid;<\/li><li>nationaal en internationaal invloed uit te oefenen op het beleid en de uitvoering van de\u00a0hogere overheden;<\/li><li>gezamenlijk actie te ondernemen tegen plannen\u00a0die het biologisch en ecologisch\u00a0evenwicht in de noordelijke zee\u00ebn en kustwateren kunnen verstoren;<\/li><li>het organiseren van conferenties en studiedagen;<\/li><li>deelname aan verschillende overlegstructuren;<\/li><li>projecten uit te voeren die passen in het kader van onze doelstellingen<\/li><\/ul><\/li><\/ol>\t\t\t\t\t\t\t\t<\/div>\n\t\t\t\t<\/div>\n\t\t\t\t<\/div>\n\t\t\t\t\t<\/div>\n\t\t\t\t<\/div>\n\t\t\t\t<\/div>","protected":false},"excerpt":{"rendered":"<p>KIMO Doelstellingen Het schoonmaken van de bestaande verontreinigingen in de Noordelijke zee\u00ebn en kustwateren, het voorkomen van toekomstige vervuilingen en het werken aan het behoud van zee\u00ebn om deze in goede conditie achter te laten voor het welzijn van toekomstige generaties. De vereniging tracht haar doel naast het lidmaatschap van de Internationale Milieu-Organisatie van Lokale [&hellip;]<\/p>","protected":false},"author":1,"featured_media":0,"parent":22,"menu_order":0,"comment_status":"closed","ping_status":"closed","template":"","meta":{"_acf_changed":false,"footnotes":""},"class_list":["post-399","page","type-page","status-publish","hentry"],"acf":[],"yoast_head":"<!-- This site is optimized with the Yoast SEO plugin v26.5 - https:\/\/yoast.com\/wordpress\/plugins\/seo\/ -->\n<title>Doelstellingen en beleidsplan - KIMO Nederland en Belgi\u00eb<\/title>\n<meta name=\"robots\" content=\"index, follow, max-snippet:-1, max-image-preview:large, max-video-preview:-1\" \/>\n<link rel=\"canonical\" href=\"https:\/\/www.kimonederlandbelgie.org\/en\/over-ons\/doelstellingen-en-beleidsplan\/\" \/>\n<meta property=\"og:locale\" content=\"en_GB\" \/>\n<meta property=\"og:type\" content=\"article\" \/>\n<meta property=\"og:title\" content=\"Doelstellingen en beleidsplan - KIMO Nederland en Belgi\u00eb\" \/>\n<meta property=\"og:description\" content=\"KIMO Doelstellingen Het schoonmaken van de bestaande verontreinigingen in de Noordelijke zee\u00ebn en kustwateren, het voorkomen van toekomstige vervuilingen en het werken aan het behoud van zee\u00ebn om deze in goede conditie achter te laten voor het welzijn van toekomstige generaties. De vereniging tracht haar doel naast het lidmaatschap van de Internationale Milieu-Organisatie van Lokale [&hellip;]\" \/>\n<meta property=\"og:url\" content=\"https:\/\/www.kimonederlandbelgie.org\/en\/over-ons\/doelstellingen-en-beleidsplan\/\" \/>\n<meta property=\"og:site_name\" content=\"KIMO Nederland en Belgi\u00eb\" \/>\n<meta property=\"article:modified_time\" content=\"2024-07-22T13:33:19+00:00\" \/>\n<meta name=\"twitter:card\" content=\"summary_large_image\" \/>\n<meta name=\"twitter:label1\" content=\"Estimated reading time\" \/>\n\t<meta name=\"twitter:data1\" content=\"3 minutes\" \/>\n<script type=\"application\/ld+json\" class=\"yoast-schema-graph\">{\"@context\":\"https:\/\/schema.org\",\"@graph\":[{\"@type\":\"WebPage\",\"@id\":\"https:\/\/www.kimonederlandbelgie.org\/en\/over-ons\/doelstellingen-en-beleidsplan\/\",\"url\":\"https:\/\/www.kimonederlandbelgie.org\/en\/over-ons\/doelstellingen-en-beleidsplan\/\",\"name\":\"Doelstellingen en beleidsplan - KIMO Nederland en Belgi\u00eb\",\"isPartOf\":{\"@id\":\"https:\/\/www.kimonederlandbelgie.org\/en\/#website\"},\"datePublished\":\"2023-10-09T11:32:15+00:00\",\"dateModified\":\"2024-07-22T13:33:19+00:00\",\"breadcrumb\":{\"@id\":\"https:\/\/www.kimonederlandbelgie.org\/en\/over-ons\/doelstellingen-en-beleidsplan\/#breadcrumb\"},\"inLanguage\":\"en-GB\",\"potentialAction\":[{\"@type\":\"ReadAction\",\"target\":[\"https:\/\/www.kimonederlandbelgie.org\/en\/over-ons\/doelstellingen-en-beleidsplan\/\"]}]},{\"@type\":\"BreadcrumbList\",\"@id\":\"https:\/\/www.kimonederlandbelgie.org\/en\/over-ons\/doelstellingen-en-beleidsplan\/#breadcrumb\",\"itemListElement\":[{\"@type\":\"ListItem\",\"position\":1,\"name\":\"Home\",\"item\":\"https:\/\/www.kimonederlandbelgie.org\/\"},{\"@type\":\"ListItem\",\"position\":2,\"name\":\"Over ons\",\"item\":\"https:\/\/www.kimonederlandbelgie.org\/over-ons\/\"},{\"@type\":\"ListItem\",\"position\":3,\"name\":\"Doelstellingen en beleidsplan\"}]},{\"@type\":\"WebSite\",\"@id\":\"https:\/\/www.kimonederlandbelgie.org\/en\/#website\",\"url\":\"https:\/\/www.kimonederlandbelgie.org\/en\/\",\"name\":\"KIMO Nederland en Belgi\u00eb\",\"description\":\"\",\"publisher\":{\"@id\":\"https:\/\/www.kimonederlandbelgie.org\/en\/#organization\"},\"potentialAction\":[{\"@type\":\"SearchAction\",\"target\":{\"@type\":\"EntryPoint\",\"urlTemplate\":\"https:\/\/www.kimonederlandbelgie.org\/en\/?s={search_term_string}\"},\"query-input\":{\"@type\":\"PropertyValueSpecification\",\"valueRequired\":true,\"valueName\":\"search_term_string\"}}],\"inLanguage\":\"en-GB\"},{\"@type\":\"Organization\",\"@id\":\"https:\/\/www.kimonederlandbelgie.org\/en\/#organization\",\"name\":\"KIMO Nederland en Belgi\u00eb\",\"url\":\"https:\/\/www.kimonederlandbelgie.org\/en\/\",\"logo\":{\"@type\":\"ImageObject\",\"inLanguage\":\"en-GB\",\"@id\":\"https:\/\/www.kimonederlandbelgie.org\/en\/#\/schema\/logo\/image\/\",\"url\":\"https:\/\/www.kimonederlandbelgie.org\/wp-content\/uploads\/2023\/10\/KIMO.png\",\"contentUrl\":\"https:\/\/www.kimonederlandbelgie.org\/wp-content\/uploads\/2023\/10\/KIMO.png\",\"width\":1475,\"height\":843,\"caption\":\"KIMO Nederland en Belgi\u00eb\"},\"image\":{\"@id\":\"https:\/\/www.kimonederlandbelgie.org\/en\/#\/schema\/logo\/image\/\"}}]}<\/script>\n<!-- \/ Yoast SEO plugin. -->","yoast_head_json":{"title":"Doelstellingen en beleidsplan - KIMO Nederland en Belgi\u00eb","robots":{"index":"index","follow":"follow","max-snippet":"max-snippet:-1","max-image-preview":"max-image-preview:large","max-video-preview":"max-video-preview:-1"},"canonical":"https:\/\/www.kimonederlandbelgie.org\/en\/over-ons\/doelstellingen-en-beleidsplan\/","og_locale":"en_GB","og_type":"article","og_title":"Doelstellingen en beleidsplan - KIMO Nederland en Belgi\u00eb","og_description":"KIMO Doelstellingen Het schoonmaken van de bestaande verontreinigingen in de Noordelijke zee\u00ebn en kustwateren, het voorkomen van toekomstige vervuilingen en het werken aan het behoud van zee\u00ebn om deze in goede conditie achter te laten voor het welzijn van toekomstige generaties. De vereniging tracht haar doel naast het lidmaatschap van de Internationale Milieu-Organisatie van Lokale [&hellip;]","og_url":"https:\/\/www.kimonederlandbelgie.org\/en\/over-ons\/doelstellingen-en-beleidsplan\/","og_site_name":"KIMO Nederland en Belgi\u00eb","article_modified_time":"2024-07-22T13:33:19+00:00","twitter_card":"summary_large_image","twitter_misc":{"Estimated reading time":"3 minutes"},"schema":{"@context":"https:\/\/schema.org","@graph":[{"@type":"WebPage","@id":"https:\/\/www.kimonederlandbelgie.org\/en\/over-ons\/doelstellingen-en-beleidsplan\/","url":"https:\/\/www.kimonederlandbelgie.org\/en\/over-ons\/doelstellingen-en-beleidsplan\/","name":"Doelstellingen en beleidsplan - KIMO Nederland en Belgi\u00eb","isPartOf":{"@id":"https:\/\/www.kimonederlandbelgie.org\/en\/#website"},"datePublished":"2023-10-09T11:32:15+00:00","dateModified":"2024-07-22T13:33:19+00:00","breadcrumb":{"@id":"https:\/\/www.kimonederlandbelgie.org\/en\/over-ons\/doelstellingen-en-beleidsplan\/#breadcrumb"},"inLanguage":"en-GB","potentialAction":[{"@type":"ReadAction","target":["https:\/\/www.kimonederlandbelgie.org\/en\/over-ons\/doelstellingen-en-beleidsplan\/"]}]},{"@type":"BreadcrumbList","@id":"https:\/\/www.kimonederlandbelgie.org\/en\/over-ons\/doelstellingen-en-beleidsplan\/#breadcrumb","itemListElement":[{"@type":"ListItem","position":1,"name":"Home","item":"https:\/\/www.kimonederlandbelgie.org\/"},{"@type":"ListItem","position":2,"name":"Over ons","item":"https:\/\/www.kimonederlandbelgie.org\/over-ons\/"},{"@type":"ListItem","position":3,"name":"Doelstellingen en beleidsplan"}]},{"@type":"WebSite","@id":"https:\/\/www.kimonederlandbelgie.org\/en\/#website","url":"https:\/\/www.kimonederlandbelgie.org\/en\/","name":"KIMO Nederland en Belgi\u00eb","description":"","publisher":{"@id":"https:\/\/www.kimonederlandbelgie.org\/en\/#organization"},"potentialAction":[{"@type":"SearchAction","target":{"@type":"EntryPoint","urlTemplate":"https:\/\/www.kimonederlandbelgie.org\/en\/?s={search_term_string}"},"query-input":{"@type":"PropertyValueSpecification","valueRequired":true,"valueName":"search_term_string"}}],"inLanguage":"en-GB"},{"@type":"Organization","@id":"https:\/\/www.kimonederlandbelgie.org\/en\/#organization","name":"KIMO Nederland en Belgi\u00eb","url":"https:\/\/www.kimonederlandbelgie.org\/en\/","logo":{"@type":"ImageObject","inLanguage":"en-GB","@id":"https:\/\/www.kimonederlandbelgie.org\/en\/#\/schema\/logo\/image\/","url":"https:\/\/www.kimonederlandbelgie.org\/wp-content\/uploads\/2023\/10\/KIMO.png","contentUrl":"https:\/\/www.kimonederlandbelgie.org\/wp-content\/uploads\/2023\/10\/KIMO.png","width":1475,"height":843,"caption":"KIMO Nederland en Belgi\u00eb"},"image":{"@id":"https:\/\/www.kimonederlandbelgie.org\/en\/#\/schema\/logo\/image\/"}}]}},"_links":{"self":[{"href":"https:\/\/www.kimonederlandbelgie.org\/en\/wp-json\/wp\/v2\/pages\/399","targetHints":{"allow":["GET"]}}],"collection":[{"href":"https:\/\/www.kimonederlandbelgie.org\/en\/wp-json\/wp\/v2\/pages"}],"about":[{"href":"https:\/\/www.kimonederlandbelgie.org\/en\/wp-json\/wp\/v2\/types\/page"}],"author":[{"embeddable":true,"href":"https:\/\/www.kimonederlandbelgie.org\/en\/wp-json\/wp\/v2\/users\/1"}],"replies":[{"embeddable":true,"href":"https:\/\/www.kimonederlandbelgie.org\/en\/wp-json\/wp\/v2\/comments?post=399"}],"version-history":[{"count":32,"href":"https:\/\/www.kimonederlandbelgie.org\/en\/wp-json\/wp\/v2\/pages\/399\/revisions"}],"predecessor-version":[{"id":1454,"href":"https:\/\/www.kimonederlandbelgie.org\/en\/wp-json\/wp\/v2\/pages\/399\/revisions\/1454"}],"up":[{"embeddable":true,"href":"https:\/\/www.kimonederlandbelgie.org\/en\/wp-json\/wp\/v2\/pages\/22"}],"wp:attachment":[{"href":"https:\/\/www.kimonederlandbelgie.org\/en\/wp-json\/wp\/v2\/media?parent=399"}],"curies":[{"name":"wp","href":"https:\/\/api.w.org\/{rel}","templated":true}]}}